{"id":86,"date":"2025-09-07T00:00:33","date_gmt":"2025-09-07T00:00:33","guid":{"rendered":"https:\/\/razzone.com.br\/jornal\/?page_id=86"},"modified":"2025-09-09T18:47:03","modified_gmt":"2025-09-09T18:47:03","slug":"pt","status":"publish","type":"page","link":"https:\/\/razzone.com.br\/jornal\/pt\/","title":{"rendered":"pt"},"content":{"rendered":"\t\t<div data-elementor-type=\"wp-page\" data-elementor-id=\"86\" class=\"elementor elementor-86\" data-elementor-settings=\"{&quot;ha_cmc_init_switcher&quot;:&quot;no&quot;}\">\n\t\t\t\t<div data-ha-element-link=\"{&quot;url&quot;:&quot;https:\\\/\\\/razzone.com.br\\\/jornal\\\/estrategia-e-planejamento\\\/consultoria-empresarial-estrategica\\\/&quot;,&quot;is_external&quot;:&quot;&quot;,&quot;nofollow&quot;:&quot;&quot;}\" style=\"cursor: pointer\" class=\"elementor-element elementor-element-bbbb4ae e-con-full e-flex e-con e-parent\" data-id=\"bbbb4ae\" data-element_type=\"container\" data-settings=\"{&quot;background_background&quot;:&quot;classic&quot;,&quot;_ha_eqh_enable&quot;:false}\">\n\t\t\t\t<\/div>\n\t\t<div class=\"elementor-element elementor-element-597d81a e-con-full e-flex e-con e-parent\" data-id=\"597d81a\" data-element_type=\"container\" data-settings=\"{&quot;_ha_eqh_enable&quot;:false}\">\n\t\t<div class=\"elementor-element elementor-element-e1f14e9 e-con-full e-flex e-con e-child\" data-id=\"e1f14e9\" data-element_type=\"container\" data-settings=\"{&quot;_ha_eqh_enable&quot;:false}\">\n\t\t\t\t<div class=\"elementor-element elementor-element-daf8890 elementor-widget__width-initial ha-has-bg-overlay elementor-widget elementor-widget-heading\" data-id=\"daf8890\" data-element_type=\"widget\" data-widget_type=\"heading.default\">\n\t\t\t\t\t<h2 class=\"elementor-heading-title elementor-size-default\">Destaques<\/h2>\t\t\t\t<\/div>\n\t\t\t\t<\/div>\n\t\t<div class=\"elementor-element elementor-element-e6b6b31 e-grid e-con-full e-con e-child\" data-id=\"e6b6b31\" data-element_type=\"container\" data-settings=\"{&quot;_ha_eqh_enable&quot;:false}\">\n\t\t\t\t<div data-ha-element-link=\"{&quot;url&quot;:&quot;https:\\\/\\\/razzone.com.br\\\/jornal\\\/financas-e-gestao\\\/fluxo-de-caixa-simples\\\/&quot;,&quot;is_external&quot;:&quot;&quot;,&quot;nofollow&quot;:&quot;&quot;}\" style=\"cursor: pointer\" class=\"elementor-element elementor-element-b33723b elementor-position-top elementor-widget elementor-widget-image-box\" data-id=\"b33723b\" data-element_type=\"widget\" data-widget_type=\"image-box.default\">\n\t\t\t\t\t<div class=\"elementor-image-box-wrapper\"><figure class=\"elementor-image-box-img\"><img fetchpriority=\"high\" decoding=\"async\" width=\"2560\" height=\"1270\" src=\"https:\/\/razzone.com.br\/jornal\/wp-content\/uploads\/2025\/09\/pexels-karolina-grabowska-4386373-1-scaled-e1757423504131.jpg\" class=\"attachment-full size-full wp-image-151\" alt=\"fluxo-caixa\" srcset=\"https:\/\/razzone.com.br\/jornal\/wp-content\/uploads\/2025\/09\/pexels-karolina-grabowska-4386373-1-scaled-e1757423504131.jpg 2560w, https:\/\/razzone.com.br\/jornal\/wp-content\/uploads\/2025\/09\/pexels-karolina-grabowska-4386373-1-scaled-e1757423504131-300x149.jpg 300w, https:\/\/razzone.com.br\/jornal\/wp-content\/uploads\/2025\/09\/pexels-karolina-grabowska-4386373-1-scaled-e1757423504131-1024x508.jpg 1024w, https:\/\/razzone.com.br\/jornal\/wp-content\/uploads\/2025\/09\/pexels-karolina-grabowska-4386373-1-scaled-e1757423504131-768x381.jpg 768w, https:\/\/razzone.com.br\/jornal\/wp-content\/uploads\/2025\/09\/pexels-karolina-grabowska-4386373-1-scaled-e1757423504131-1536x762.jpg 1536w, https:\/\/razzone.com.br\/jornal\/wp-content\/uploads\/2025\/09\/pexels-karolina-grabowska-4386373-1-scaled-e1757423504131-2048x1016.jpg 2048w\" sizes=\"(max-width: 2560px) 100vw, 2560px\" \/><\/figure><div class=\"elementor-image-box-content\"><h3 class=\"elementor-image-box-title\">Fluxo de Caixa Simples<\/h3><p class=\"elementor-image-box-description\">Controlar as entradas e sa\u00eddas n\u00e3o precisa ser um desafio, mas \u00e9 essencial para garantir a efici\u00eancia operacional e a sa\u00fade financeira da sua empresa. Ter um fluxo de caixa limpo e organizado vai ter permitir...<\/p><\/div><\/div>\t\t\t\t<\/div>\n\t\t\t\t<div data-ha-element-link=\"{&quot;url&quot;:&quot;https:\\\/\\\/razzone.com.br\\\/jornal\\\/marketing-e-vendas\\\/presenca-digital-forte\\\/&quot;,&quot;is_external&quot;:&quot;&quot;,&quot;nofollow&quot;:&quot;&quot;}\" style=\"cursor: pointer\" class=\"elementor-element elementor-element-7ac6330 elementor-position-top elementor-widget elementor-widget-image-box\" data-id=\"7ac6330\" data-element_type=\"widget\" data-widget_type=\"image-box.default\">\n\t\t\t\t\t<div class=\"elementor-image-box-wrapper\"><figure class=\"elementor-image-box-img\"><img decoding=\"async\" width=\"2560\" height=\"1270\" src=\"https:\/\/razzone.com.br\/jornal\/wp-content\/uploads\/2025\/09\/pexels-pixabay-270669-scaled-e1757434241806.jpg\" class=\"attachment-full size-full wp-image-180\" alt=\"Presen\u00e7a Digital Forte\" srcset=\"https:\/\/razzone.com.br\/jornal\/wp-content\/uploads\/2025\/09\/pexels-pixabay-270669-scaled-e1757434241806.jpg 2560w, https:\/\/razzone.com.br\/jornal\/wp-content\/uploads\/2025\/09\/pexels-pixabay-270669-scaled-e1757434241806-300x149.jpg 300w, https:\/\/razzone.com.br\/jornal\/wp-content\/uploads\/2025\/09\/pexels-pixabay-270669-scaled-e1757434241806-1024x508.jpg 1024w, https:\/\/razzone.com.br\/jornal\/wp-content\/uploads\/2025\/09\/pexels-pixabay-270669-scaled-e1757434241806-768x381.jpg 768w, https:\/\/razzone.com.br\/jornal\/wp-content\/uploads\/2025\/09\/pexels-pixabay-270669-scaled-e1757434241806-1536x762.jpg 1536w, https:\/\/razzone.com.br\/jornal\/wp-content\/uploads\/2025\/09\/pexels-pixabay-270669-scaled-e1757434241806-2048x1016.jpg 2048w\" sizes=\"(max-width: 2560px) 100vw, 2560px\" \/><\/figure><div class=\"elementor-image-box-content\"><h3 class=\"elementor-image-box-title\">Presen\u00e7a Digital Forte<\/h3><p class=\"elementor-image-box-description\">Se o seu neg\u00f3cio n\u00e3o est\u00e1 na internet, voc\u00ea est\u00e1 perdendo vendas. Construir uma presen\u00e7a digital s\u00f3lida \u00e9 o primeiro passo para construir um neg\u00f3cio escal\u00e1vel e preparado para as transforma\u00e7\u00f5es digitais...<\/p><\/div><\/div>\t\t\t\t<\/div>\n\t\t\t\t<div data-ha-element-link=\"{&quot;url&quot;:&quot;https:\\\/\\\/razzone.com.br\\\/jornal\\\/operacoes-e-eficiencia\\\/gestao-de-estoques\\\/&quot;,&quot;is_external&quot;:&quot;&quot;,&quot;nofollow&quot;:&quot;&quot;}\" style=\"cursor: pointer\" class=\"elementor-element elementor-element-8e17e1e elementor-position-top elementor-widget elementor-widget-image-box\" data-id=\"8e17e1e\" data-element_type=\"widget\" data-widget_type=\"image-box.default\">\n\t\t\t\t\t<div class=\"elementor-image-box-wrapper\"><figure class=\"elementor-image-box-img\"><img decoding=\"async\" width=\"2560\" height=\"1270\" src=\"https:\/\/razzone.com.br\/jornal\/wp-content\/uploads\/2025\/09\/estoque-1-scaled-e1757438737514.webp\" class=\"attachment-full size-full wp-image-204\" alt=\"Gest\u00e3o de Estoques de Forma Simples e Eficiente\" srcset=\"https:\/\/razzone.com.br\/jornal\/wp-content\/uploads\/2025\/09\/estoque-1-scaled-e1757438737514.webp 2560w, https:\/\/razzone.com.br\/jornal\/wp-content\/uploads\/2025\/09\/estoque-1-scaled-e1757438737514-300x149.webp 300w, https:\/\/razzone.com.br\/jornal\/wp-content\/uploads\/2025\/09\/estoque-1-scaled-e1757438737514-1024x508.webp 1024w, https:\/\/razzone.com.br\/jornal\/wp-content\/uploads\/2025\/09\/estoque-1-scaled-e1757438737514-768x381.webp 768w, https:\/\/razzone.com.br\/jornal\/wp-content\/uploads\/2025\/09\/estoque-1-scaled-e1757438737514-1536x762.webp 1536w, https:\/\/razzone.com.br\/jornal\/wp-content\/uploads\/2025\/09\/estoque-1-scaled-e1757438737514-2048x1016.webp 2048w\" sizes=\"(max-width: 2560px) 100vw, 2560px\" \/><\/figure><div class=\"elementor-image-box-content\"><h3 class=\"elementor-image-box-title\">Gest\u00e3o de Estoques<\/h3><p class=\"elementor-image-box-description\">O controle eficiente de estoques \u00e9 um dos principais pilares para os resultados financeiros de uma empresa. Estoques mal gerenciados geram gastos desnecess\u00e1rios que correm a margem e mandam os lucros...<\/p><\/div><\/div>\t\t\t\t<\/div>\n\t\t\t\t<\/div>\n\t\t\t\t<\/div>\n\t\t<div class=\"elementor-element elementor-element-5f57593 e-con-full e-flex e-con e-parent\" data-id=\"5f57593\" data-element_type=\"container\" data-settings=\"{&quot;_ha_eqh_enable&quot;:false}\">\n\t\t<div class=\"elementor-element elementor-element-badf309 e-con-full e-flex e-con e-child\" data-id=\"badf309\" data-element_type=\"container\" data-settings=\"{&quot;_ha_eqh_enable&quot;:false}\">\n\t\t<div class=\"elementor-element elementor-element-f8b5bbf e-con-full e-flex e-con e-child\" data-id=\"f8b5bbf\" data-element_type=\"container\" data-settings=\"{&quot;_ha_eqh_enable&quot;:false}\">\n\t\t\t\t<div class=\"elementor-element elementor-element-820cea3 elementor-widget elementor-widget-image\" data-id=\"820cea3\" data-element_type=\"widget\" data-widget_type=\"image.default\">\n\t\t\t\t\t\t\t\t\t\t\t\t\t\t\t<img loading=\"lazy\" decoding=\"async\" width=\"800\" height=\"534\" src=\"https:\/\/razzone.com.br\/jornal\/wp-content\/uploads\/2025\/09\/solucoes-1024x684.webp\" class=\"attachment-large size-large wp-image-213\" alt=\"consultoria-empresarial\" srcset=\"https:\/\/razzone.com.br\/jornal\/wp-content\/uploads\/2025\/09\/solucoes-1024x684.webp 1024w, https:\/\/razzone.com.br\/jornal\/wp-content\/uploads\/2025\/09\/solucoes-300x200.webp 300w, https:\/\/razzone.com.br\/jornal\/wp-content\/uploads\/2025\/09\/solucoes-768x513.webp 768w, https:\/\/razzone.com.br\/jornal\/wp-content\/uploads\/2025\/09\/solucoes-1536x1025.webp 1536w, https:\/\/razzone.com.br\/jornal\/wp-content\/uploads\/2025\/09\/solucoes-2048x1367.webp 2048w\" sizes=\"(max-width: 800px) 100vw, 800px\" \/>\t\t\t\t\t\t\t\t\t\t\t\t\t\t\t<\/div>\n\t\t\t\t<\/div>\n\t\t<div class=\"elementor-element elementor-element-d3b775e e-con-full e-flex e-con e-child\" data-id=\"d3b775e\" data-element_type=\"container\" data-settings=\"{&quot;_ha_eqh_enable&quot;:false}\">\n\t\t\t\t<div class=\"elementor-element elementor-element-4f96371 elementor-widget elementor-widget-heading\" data-id=\"4f96371\" data-element_type=\"widget\" data-widget_type=\"heading.default\">\n\t\t\t\t\t<h2 class=\"elementor-heading-title elementor-size-default\">Entregamos as solu\u00e7\u00f5es que a sua empresa precisa<\/h2>\t\t\t\t<\/div>\n\t\t\t\t<div class=\"elementor-element elementor-element-ced0343 elementor-widget elementor-widget-text-editor\" data-id=\"ced0343\" data-element_type=\"widget\" data-widget_type=\"text-editor.default\">\n\t\t\t\t\t\t\t\t\t<p>Independentemente do n\u00edvel de maturidade da sua empresa, n\u00f3s podemos te ajudar a alcan\u00e7ar melhores resultados.<\/p><p>Contamos com profissionais capacitados e preparados para te atender, entregando solu\u00e7\u00f5es que funcionam, atrav\u00e9s de an\u00e1lise estrat\u00e9gica do seu neg\u00f3cio e da sua vis\u00e3o de futuro.<\/p><p>Aplicamos nossa expertise em finan\u00e7as, contabilidade, gest\u00e3o, opera\u00e7\u00f5es e marketing para construir uma solu\u00e7\u00e3o personalizada para o seu neg\u00f3cio, permitindo que a sua empresa cres\u00e7a de maneira previs\u00edvel e sustent\u00e1vel.<\/p><p>Precisa da nossa ajuda?<\/p><p>Conte conosco!<\/p>\t\t\t\t\t\t\t\t<\/div>\n\t\t\t\t<\/div>\n\t\t\t\t<\/div>\n\t\t\t\t<\/div>\n\t\t<div class=\"elementor-element elementor-element-405e776 e-con-full e-flex e-con e-parent\" data-id=\"405e776\" data-element_type=\"container\" data-settings=\"{&quot;background_background&quot;:&quot;classic&quot;,&quot;_ha_eqh_enable&quot;:false}\">\n\t\t<div class=\"elementor-element elementor-element-4df1270 e-con-full e-flex e-con e-child\" data-id=\"4df1270\" data-element_type=\"container\" data-settings=\"{&quot;_ha_eqh_enable&quot;:false}\">\n\t\t\t\t<div class=\"elementor-element elementor-element-0cde54f elementor-widget__width-initial elementor-widget elementor-widget-heading\" data-id=\"0cde54f\" data-element_type=\"widget\" data-widget_type=\"heading.default\">\n\t\t\t\t\t<h2 class=\"elementor-heading-title elementor-size-default\">Precisando de ajuda com a gest\u00e3o do seu neg\u00f3cio?<\/h2>\t\t\t\t<\/div>\n\t\t\t\t<div class=\"elementor-element elementor-element-1eb8f92 elementor-widget elementor-widget-button\" data-id=\"1eb8f92\" data-element_type=\"widget\" data-widget_type=\"button.default\">\n\t\t\t\t\t\t\t\t\t\t<a class=\"elementor-button elementor-button-link elementor-size-sm\" href=\"https:\/\/razzone.com.br\/contato\/\">\n\t\t\t\t\t\t<span class=\"elementor-button-content-wrapper\">\n\t\t\t\t\t\t\t\t\t<span class=\"elementor-button-text\">Contate um Especialista<\/span>\n\t\t\t\t\t<\/span>\n\t\t\t\t\t<\/a>\n\t\t\t\t\t\t\t\t<\/div>\n\t\t\t\t<\/div>\n\t\t\t\t<\/div>\n\t\t\t\t<\/div>\n\t\t\n    <div class=\"xs_social_share_widget xs_share_url after_content \t\tmain_content  wslu-style-1 wslu-share-box-shaped wslu-fill-colored wslu-none wslu-share-horizontal wslu-theme-font-no wslu-main_content\">\n\n\t\t\n        <ul>\n\t\t\t        <\/ul>\n    <\/div> \n","protected":false},"excerpt":{"rendered":"<p>Destaques Fluxo de Caixa Simples Controlar as entradas e sa\u00eddas n\u00e3o precisa ser um desafio, mas \u00e9 essencial para garantir a efici\u00eancia operacional e a sa\u00fade financeira da sua empresa. Ter um fluxo de caixa limpo e organizado vai ter permitir&#8230; Presen\u00e7a Digital Forte Se o seu neg\u00f3cio n\u00e3o est\u00e1 na internet, voc\u00ea est\u00e1 perdendo [&hellip;]<\/p>\n","protected":false},"author":1,"featured_media":0,"parent":0,"menu_order":0,"comment_status":"closed","ping_status":"closed","template":"elementor_header_footer","meta":{"footnotes":""},"class_list":["post-86","page","type-page","status-publish","hentry"],"_links":{"self":[{"href":"https:\/\/razzone.com.br\/jornal\/wp-json\/wp\/v2\/pages\/86","targetHints":{"allow":["GET"]}}],"collection":[{"href":"https:\/\/razzone.com.br\/jornal\/wp-json\/wp\/v2\/pages"}],"about":[{"href":"https:\/\/razzone.com.br\/jornal\/wp-json\/wp\/v2\/types\/page"}],"author":[{"embeddable":true,"href":"https:\/\/razzone.com.br\/jornal\/wp-json\/wp\/v2\/users\/1"}],"replies":[{"embeddable":true,"href":"https:\/\/razzone.com.br\/jornal\/wp-json\/wp\/v2\/comments?post=86"}],"version-history":[{"count":74,"href":"https:\/\/razzone.com.br\/jornal\/wp-json\/wp\/v2\/pages\/86\/revisions"}],"predecessor-version":[{"id":225,"href":"https:\/\/razzone.com.br\/jornal\/wp-json\/wp\/v2\/pages\/86\/revisions\/225"}],"wp:attachment":[{"href":"https:\/\/razzone.com.br\/jornal\/wp-json\/wp\/v2\/media?parent=86"}],"curies":[{"name":"wp","href":"https:\/\/api.w.org\/{rel}","templated":true}]}}